{"id":181,"date":"2021-04-18T07:35:38","date_gmt":"2021-04-18T07:35:38","guid":{"rendered":"https:\/\/bestchemicalsolutions.com\/?page_id=181"},"modified":"2021-04-18T07:36:08","modified_gmt":"2021-04-18T07:36:08","slug":"quienes-somos","status":"publish","type":"page","link":"https:\/\/bestchemicalsolutions.com\/zh\/quienes-somos\/","title":{"rendered":"\u6211\u4eec\u662f\u8c01\uff1f"},"content":{"rendered":"","protected":false},"excerpt":{"rendered":"","protected":false},"author":1,"featured_media":0,"parent":0,"menu_order":0,"comment_status":"closed","ping_status":"closed","template":"elementor_header_footer","meta":{"_mi_skip_tracking":false,"_monsterinsights_sitenote_active":false,"_monsterinsights_sitenote_note":"","_monsterinsights_sitenote_category":0,"footnotes":""},"class_list":["post-181","page","type-page","status-publish","hentry"],"yoast_head":"<!-- This site is optimized with the Yoast SEO Premium plugin v16.1 (Yoast SEO v21.1) - https:\/\/yoast.com\/wordpress\/plugins\/seo\/ -->\n<title>\u00bfQui\u00e9nes somos? | Materias primas para la industria de los alimentos, cosm\u00e9ticos, suplementos alimenticios y farmac\u00e9uticos (API - Active Pharmaceutical Ingredients).<\/title>\n<meta name=\"robots\" content=\"noindex, follow, max-snippet:-1, max-image-preview:large, max-video-preview:-1\" \/>\n<meta property=\"og:locale\" content=\"zh_CN\" \/>\n<meta property=\"og:type\" content=\"article\" \/>\n<meta property=\"og:title\" content=\"\u00bfQui\u00e9nes somos? | Materias primas para la industria de los alimentos, cosm\u00e9ticos, suplementos alimenticios y farmac\u00e9uticos (API - Active Pharmaceutical Ingredients).\" \/>\n<meta property=\"og:url\" content=\"https:\/\/bestchemicalsolutions.com\/zh\/quienes-somos\/\" \/>\n<meta property=\"og:site_name\" content=\"Materias primas para la industria de los alimentos, cosm\u00e9ticos, suplementos alimenticios y farmac\u00e9uticos (API - Active Pharmaceutical Ingredients).\" \/>\n<meta property=\"article:modified_time\" content=\"2021-04-18T07:36:08+00:00\" \/>\n<meta name=\"twitter:card\" content=\"summary_large_image\" \/>\n<script type=\"application\/ld+json\" class=\"yoast-schema-graph\">{\"@context\":\"https:\/\/schema.org\",\"@graph\":[{\"@type\":\"WebPage\",\"@id\":\"https:\/\/bestchemicalsolutions.com\/quienes-somos\/\",\"url\":\"https:\/\/bestchemicalsolutions.com\/quienes-somos\/\",\"name\":\"\u00bfQui\u00e9nes somos? | Materias primas para la industria de los alimentos, cosm\u00e9ticos, suplementos alimenticios y farmac\u00e9uticos (API - Active Pharmaceutical Ingredients).\",\"isPartOf\":{\"@id\":\"https:\/\/bestchemicalsolutions.com\/#website\"},\"datePublished\":\"2021-04-18T07:35:38+00:00\",\"dateModified\":\"2021-04-18T07:36:08+00:00\",\"breadcrumb\":{\"@id\":\"https:\/\/bestchemicalsolutions.com\/quienes-somos\/#breadcrumb\"},\"inLanguage\":\"zh-Hans\",\"potentialAction\":[{\"@type\":\"ReadAction\",\"target\":[\"https:\/\/bestchemicalsolutions.com\/quienes-somos\/\"]}]},{\"@type\":\"BreadcrumbList\",\"@id\":\"https:\/\/bestchemicalsolutions.com\/quienes-somos\/#breadcrumb\",\"itemListElement\":[{\"@type\":\"ListItem\",\"position\":1,\"name\":\"Home\",\"item\":\"https:\/\/bestchemicalsolutions.com\/\"},{\"@type\":\"ListItem\",\"position\":2,\"name\":\"\u00bfQui\u00e9nes somos?\"}]},{\"@type\":\"WebSite\",\"@id\":\"https:\/\/bestchemicalsolutions.com\/#website\",\"url\":\"https:\/\/bestchemicalsolutions.com\/\",\"name\":\"Materias primas para la industria de los alimentos, cosm\u00e9ticos, suplementos alimenticios y farmac\u00e9uticos (API - Active Pharmaceutical Ingredients).\",\"description\":\"Materias primas para la industria de los alimentos, cosm\u00e9ticos, suplementos alimenticios y farmac\u00e9uticos (API - Active Pharmaceutical Ingredients).\",\"publisher\":{\"@id\":\"https:\/\/bestchemicalsolutions.com\/#organization\"},\"potentialAction\":[{\"@type\":\"SearchAction\",\"target\":{\"@type\":\"EntryPoint\",\"urlTemplate\":\"https:\/\/bestchemicalsolutions.com\/?s={search_term_string}\"},\"query-input\":\"required name=search_term_string\"}],\"inLanguage\":\"zh-Hans\"},{\"@type\":\"Organization\",\"@id\":\"https:\/\/bestchemicalsolutions.com\/#organization\",\"name\":\"BEST CHEMICAL SOLUTIONS\",\"url\":\"https:\/\/bestchemicalsolutions.com\/\",\"logo\":{\"@type\":\"ImageObject\",\"inLanguage\":\"zh-Hans\",\"@id\":\"https:\/\/bestchemicalsolutions.com\/#\/schema\/logo\/image\/\",\"url\":\"https:\/\/bestchemicalsolutions.com\/wp-content\/uploads\/2021\/04\/fondo-blanco-02.png\",\"contentUrl\":\"https:\/\/bestchemicalsolutions.com\/wp-content\/uploads\/2021\/04\/fondo-blanco-02.png\",\"width\":2541,\"height\":1062,\"caption\":\"BEST CHEMICAL SOLUTIONS\"},\"image\":{\"@id\":\"https:\/\/bestchemicalsolutions.com\/#\/schema\/logo\/image\/\"}}]}<\/script>\n<!-- \/ Yoast SEO Premium plugin. -->","yoast_head_json":{"title":"\u00bfQui\u00e9nes somos? | Materias primas para la industria de los alimentos, cosm\u00e9ticos, suplementos alimenticios y farmac\u00e9uticos (API - Active Pharmaceutical Ingredients).","robots":{"index":"noindex","follow":"follow","max-snippet":"max-snippet:-1","max-image-preview":"max-image-preview:large","max-video-preview":"max-video-preview:-1"},"og_locale":"zh_CN","og_type":"article","og_title":"\u00bfQui\u00e9nes somos? | Materias primas para la industria de los alimentos, cosm\u00e9ticos, suplementos alimenticios y farmac\u00e9uticos (API - Active Pharmaceutical Ingredients).","og_url":"https:\/\/bestchemicalsolutions.com\/zh\/quienes-somos\/","og_site_name":"Materias primas para la industria de los alimentos, cosm\u00e9ticos, suplementos alimenticios y farmac\u00e9uticos (API - Active Pharmaceutical Ingredients).","article_modified_time":"2021-04-18T07:36:08+00:00","twitter_card":"summary_large_image","schema":{"@context":"https:\/\/schema.org","@graph":[{"@type":"WebPage","@id":"https:\/\/bestchemicalsolutions.com\/quienes-somos\/","url":"https:\/\/bestchemicalsolutions.com\/quienes-somos\/","name":"\u00bfQui\u00e9nes somos? | Materias primas para la industria de los alimentos, cosm\u00e9ticos, suplementos alimenticios y farmac\u00e9uticos (API - Active Pharmaceutical Ingredients).","isPartOf":{"@id":"https:\/\/bestchemicalsolutions.com\/#website"},"datePublished":"2021-04-18T07:35:38+00:00","dateModified":"2021-04-18T07:36:08+00:00","breadcrumb":{"@id":"https:\/\/bestchemicalsolutions.com\/quienes-somos\/#breadcrumb"},"inLanguage":"zh-Hans","potentialAction":[{"@type":"ReadAction","target":["https:\/\/bestchemicalsolutions.com\/quienes-somos\/"]}]},{"@type":"BreadcrumbList","@id":"https:\/\/bestchemicalsolutions.com\/quienes-somos\/#breadcrumb","itemListElement":[{"@type":"ListItem","position":1,"name":"Home","item":"https:\/\/bestchemicalsolutions.com\/"},{"@type":"ListItem","position":2,"name":"\u00bfQui\u00e9nes somos?"}]},{"@type":"WebSite","@id":"https:\/\/bestchemicalsolutions.com\/#website","url":"https:\/\/bestchemicalsolutions.com\/","name":"Materias primas para la industria de los alimentos, cosm\u00e9ticos, suplementos alimenticios y farmac\u00e9uticos (API - Active Pharmaceutical Ingredients).","description":"Materias primas para la industria de los alimentos, cosm\u00e9ticos, suplementos alimenticios y farmac\u00e9uticos (API - Active Pharmaceutical Ingredients).","publisher":{"@id":"https:\/\/bestchemicalsolutions.com\/#organization"},"potentialAction":[{"@type":"SearchAction","target":{"@type":"EntryPoint","urlTemplate":"https:\/\/bestchemicalsolutions.com\/?s={search_term_string}"},"query-input":"required name=search_term_string"}],"inLanguage":"zh-Hans"},{"@type":"Organization","@id":"https:\/\/bestchemicalsolutions.com\/#organization","name":"BEST CHEMICAL SOLUTIONS","url":"https:\/\/bestchemicalsolutions.com\/","logo":{"@type":"ImageObject","inLanguage":"zh-Hans","@id":"https:\/\/bestchemicalsolutions.com\/#\/schema\/logo\/image\/","url":"https:\/\/bestchemicalsolutions.com\/wp-content\/uploads\/2021\/04\/fondo-blanco-02.png","contentUrl":"https:\/\/bestchemicalsolutions.com\/wp-content\/uploads\/2021\/04\/fondo-blanco-02.png","width":2541,"height":1062,"caption":"BEST CHEMICAL SOLUTIONS"},"image":{"@id":"https:\/\/bestchemicalsolutions.com\/#\/schema\/logo\/image\/"}}]}},"_links":{"self":[{"href":"https:\/\/bestchemicalsolutions.com\/zh\/wp-json\/wp\/v2\/pages\/181","targetHints":{"allow":["GET"]}}],"collection":[{"href":"https:\/\/bestchemicalsolutions.com\/zh\/wp-json\/wp\/v2\/pages"}],"about":[{"href":"https:\/\/bestchemicalsolutions.com\/zh\/wp-json\/wp\/v2\/types\/page"}],"author":[{"embeddable":true,"href":"https:\/\/bestchemicalsolutions.com\/zh\/wp-json\/wp\/v2\/users\/1"}],"replies":[{"embeddable":true,"href":"https:\/\/bestchemicalsolutions.com\/zh\/wp-json\/wp\/v2\/comments?post=181"}],"version-history":[{"count":4,"href":"https:\/\/bestchemicalsolutions.com\/zh\/wp-json\/wp\/v2\/pages\/181\/revisions"}],"predecessor-version":[{"id":186,"href":"https:\/\/bestchemicalsolutions.com\/zh\/wp-json\/wp\/v2\/pages\/181\/revisions\/186"}],"wp:attachment":[{"href":"https:\/\/bestchemicalsolutions.com\/zh\/wp-json\/wp\/v2\/media?parent=181"}],"curies":[{"name":"wp","href":"https:\/\/api.w.org\/{rel}","templated":true}]}}